{"id":425,"date":"2021-12-04T18:59:08","date_gmt":"2021-12-04T17:59:08","guid":{"rendered":"https:\/\/moulindesalles.fr\/?page_id=425"},"modified":"2022-02-26T15:07:58","modified_gmt":"2022-02-26T14:07:58","slug":"location","status":"publish","type":"page","link":"https:\/\/moulindesalles.fr\/?page_id=425","title":{"rendered":"Salle \u00e0 louer"},"content":{"rendered":"\t\t<div data-elementor-type=\"wp-page\" data-elementor-id=\"425\" class=\"elementor elementor-425\">\n\t\t\t\t\t\t<section class=\"elementor-section elementor-top-section elementor-element elementor-element-9f9ad3d elementor-section-boxed elementor-section-height-default elementor-section-height-default\" data-id=\"9f9ad3d\" data-element_type=\"section\" data-e-type=\"section\">\n\t\t\t\t\t\t<div class=\"elementor-container elementor-column-gap-default\">\n\t\t\t\t\t<div class=\"elementor-column elementor-col-25 elementor-top-column elementor-element elementor-element-1345381\" data-id=\"1345381\" data-element_type=\"column\" data-e-type=\"column\">\n\t\t\t<div class=\"elementor-widget-wrap elementor-element-populated\">\n\t\t\t\t\t\t<div class=\"elementor-element elementor-element-97c51df elementor-widget elementor-widget-image\" data-id=\"97c51df\" data-element_type=\"widget\" data-e-type=\"widget\" data-widget_type=\"image.default\">\n\t\t\t\t<div class=\"elementor-widget-container\">\n\t\t\t\t\t\t\t\t\t\t\t\t\t\t\t<img fetchpriority=\"high\" decoding=\"async\" width=\"688\" height=\"917\" src=\"https:\/\/moulindesalles.fr\/wp-content\/uploads\/2021\/12\/IMG_4908-768x1024.jpg\" class=\"attachment-large size-large wp-image-371\" alt=\"\" srcset=\"https:\/\/moulindesalles.fr\/wp-content\/uploads\/2021\/12\/IMG_4908-768x1024.jpg 768w, https:\/\/moulindesalles.fr\/wp-content\/uploads\/2021\/12\/IMG_4908-225x300.jpg 225w, https:\/\/moulindesalles.fr\/wp-content\/uploads\/2021\/12\/IMG_4908-1152x1536.jpg 1152w, https:\/\/moulindesalles.fr\/wp-content\/uploads\/2021\/12\/IMG_4908-1536x2048.jpg 1536w, https:\/\/moulindesalles.fr\/wp-content\/uploads\/2021\/12\/IMG_4908-scaled.jpg 1920w\" sizes=\"(max-width: 688px) 100vw, 688px\" \/>\t\t\t\t\t\t\t\t\t\t\t\t\t\t\t<\/div>\n\t\t\t\t<\/div>\n\t\t\t\t\t<\/div>\n\t\t<\/div>\n\t\t\t\t<div class=\"elementor-column elementor-col-25 elementor-top-column elementor-element elementor-element-b500e89\" data-id=\"b500e89\" data-element_type=\"column\" data-e-type=\"column\">\n\t\t\t<div class=\"elementor-widget-wrap elementor-element-populated\">\n\t\t\t\t\t\t<div class=\"elementor-element elementor-element-d43b5e1 elementor-widget elementor-widget-image\" data-id=\"d43b5e1\" data-element_type=\"widget\" data-e-type=\"widget\" data-widget_type=\"image.default\">\n\t\t\t\t<div class=\"elementor-widget-container\">\n\t\t\t\t\t\t\t\t\t\t\t\t\t\t\t<img decoding=\"async\" width=\"688\" height=\"917\" src=\"https:\/\/moulindesalles.fr\/wp-content\/uploads\/2021\/12\/IMG_4903-768x1024.jpg\" class=\"attachment-large size-large wp-image-368\" alt=\"\" srcset=\"https:\/\/moulindesalles.fr\/wp-content\/uploads\/2021\/12\/IMG_4903-768x1024.jpg 768w, https:\/\/moulindesalles.fr\/wp-content\/uploads\/2021\/12\/IMG_4903-225x300.jpg 225w, https:\/\/moulindesalles.fr\/wp-content\/uploads\/2021\/12\/IMG_4903-1152x1536.jpg 1152w, https:\/\/moulindesalles.fr\/wp-content\/uploads\/2021\/12\/IMG_4903-1536x2048.jpg 1536w, https:\/\/moulindesalles.fr\/wp-content\/uploads\/2021\/12\/IMG_4903-scaled.jpg 1920w\" sizes=\"(max-width: 688px) 100vw, 688px\" \/>\t\t\t\t\t\t\t\t\t\t\t\t\t\t\t<\/div>\n\t\t\t\t<\/div>\n\t\t\t\t\t<\/div>\n\t\t<\/div>\n\t\t\t\t<div class=\"elementor-column elementor-col-25 elementor-top-column elementor-element elementor-element-4d3417b\" data-id=\"4d3417b\" data-element_type=\"column\" data-e-type=\"column\">\n\t\t\t<div class=\"elementor-widget-wrap elementor-element-populated\">\n\t\t\t\t\t\t<div class=\"elementor-element elementor-element-e1e0e1a elementor-widget elementor-widget-image\" data-id=\"e1e0e1a\" data-element_type=\"widget\" data-e-type=\"widget\" data-widget_type=\"image.default\">\n\t\t\t\t<div class=\"elementor-widget-container\">\n\t\t\t\t\t\t\t\t\t\t\t\t\t\t\t<img decoding=\"async\" width=\"688\" height=\"917\" src=\"https:\/\/moulindesalles.fr\/wp-content\/uploads\/2021\/11\/IMG_3939-768x1024.jpg\" class=\"attachment-large size-large wp-image-229\" alt=\"\" srcset=\"https:\/\/moulindesalles.fr\/wp-content\/uploads\/2021\/11\/IMG_3939-768x1024.jpg 768w, https:\/\/moulindesalles.fr\/wp-content\/uploads\/2021\/11\/IMG_3939-225x300.jpg 225w, https:\/\/moulindesalles.fr\/wp-content\/uploads\/2021\/11\/IMG_3939-1152x1536.jpg 1152w, https:\/\/moulindesalles.fr\/wp-content\/uploads\/2021\/11\/IMG_3939-1536x2048.jpg 1536w, https:\/\/moulindesalles.fr\/wp-content\/uploads\/2021\/11\/IMG_3939-scaled.jpg 1920w\" sizes=\"(max-width: 688px) 100vw, 688px\" \/>\t\t\t\t\t\t\t\t\t\t\t\t\t\t\t<\/div>\n\t\t\t\t<\/div>\n\t\t\t\t\t<\/div>\n\t\t<\/div>\n\t\t\t\t<div class=\"elementor-column elementor-col-25 elementor-top-column elementor-element elementor-element-fbb0b44\" data-id=\"fbb0b44\" data-element_type=\"column\" data-e-type=\"column\">\n\t\t\t<div class=\"elementor-widget-wrap elementor-element-populated\">\n\t\t\t\t\t\t<div class=\"elementor-element elementor-element-0b4154c elementor-widget elementor-widget-image\" data-id=\"0b4154c\" data-element_type=\"widget\" data-e-type=\"widget\" data-widget_type=\"image.default\">\n\t\t\t\t<div class=\"elementor-widget-container\">\n\t\t\t\t\t\t\t\t\t\t\t\t\t\t\t<img decoding=\"async\" src=\"https:\/\/moulindesalles.fr\/wp-content\/uploads\/2021\/12\/IMG_4902-scaled.jpg\" title=\"\" alt=\"\" loading=\"lazy\" \/>\t\t\t\t\t\t\t\t\t\t\t\t\t\t\t<\/div>\n\t\t\t\t<\/div>\n\t\t\t\t\t<\/div>\n\t\t<\/div>\n\t\t\t\t\t<\/div>\n\t\t<\/section>\n\t\t\t\t<section class=\"elementor-section elementor-top-section elementor-element elementor-element-0b7dffb elementor-section-boxed elementor-section-height-default elementor-section-height-default\" data-id=\"0b7dffb\" data-element_type=\"section\" data-e-type=\"section\">\n\t\t\t\t\t\t<div class=\"elementor-container elementor-column-gap-default\">\n\t\t\t\t\t<div class=\"elementor-column elementor-col-100 elementor-top-column elementor-element elementor-element-0915cb3\" data-id=\"0915cb3\" data-element_type=\"column\" data-e-type=\"column\">\n\t\t\t<div class=\"elementor-widget-wrap elementor-element-populated\">\n\t\t\t\t\t\t<div class=\"elementor-element elementor-element-dd4965a elementor-widget elementor-widget-text-editor\" data-id=\"dd4965a\" data-element_type=\"widget\" data-e-type=\"widget\" data-widget_type=\"text-editor.default\">\n\t\t\t\t<div class=\"elementor-widget-container\">\n\t\t\t\t\t\t\t\t\t<p>Au premier \u00e9tage du moulin, une magnifique salle de 75 m2 a \u00e9t\u00e9 am\u00e9nag\u00e9e pour pratiquer le yoga et les diff\u00e9rentes activit\u00e9s organis\u00e9es pendant la saison.<\/p><p>Cette salle peut \u00eatre lou\u00e9e par des professionnels\u00a0 pour des stages Bien Etre, des formations n\u00e9cessitant de la place pour \u00e9voluer ou pour des expositions de peintures, photos, artisanat d&rsquo;art.<\/p><p>La situation de la salle ne permet pas l&rsquo;accessibilit\u00e9 aux personnes handicap\u00e9es.<\/p><p>Si vous \u00eates int\u00e9ress\u00e9, contactez nous pour \u00e9tudier la faisabilit\u00e9 de votre projet.<\/p>\t\t\t\t\t\t\t\t<\/div>\n\t\t\t\t<\/div>\n\t\t\t\t\t<\/div>\n\t\t<\/div>\n\t\t\t\t\t<\/div>\n\t\t<\/section>\n\t\t\t\t<section class=\"elementor-section elementor-top-section elementor-element elementor-element-d9f368a elementor-section-boxed elementor-section-height-default elementor-section-height-default\" data-id=\"d9f368a\" data-element_type=\"section\" data-e-type=\"section\">\n\t\t\t\t\t\t<div class=\"elementor-container elementor-column-gap-default\">\n\t\t\t\t\t<div class=\"elementor-column elementor-col-100 elementor-top-column elementor-element elementor-element-ec175ea\" data-id=\"ec175ea\" data-element_type=\"column\" data-e-type=\"column\">\n\t\t\t<div class=\"elementor-widget-wrap elementor-element-populated\">\n\t\t\t\t\t\t<div class=\"elementor-element elementor-element-398b013 elementor-align-center elementor-widget elementor-widget-button\" data-id=\"398b013\" data-element_type=\"widget\" data-e-type=\"widget\" data-widget_type=\"button.default\">\n\t\t\t\t<div class=\"elementor-widget-container\">\n\t\t\t\t\t\t\t\t\t<div class=\"elementor-button-wrapper\">\n\t\t\t\t\t<a class=\"elementor-button elementor-button-link elementor-size-sm\" href=\"https:\/\/moulindesalles.fr\/?page_id=91\">\n\t\t\t\t\t\t<span class=\"elementor-button-content-wrapper\">\n\t\t\t\t\t\t\t\t\t<span class=\"elementor-button-text\">Contactez nous<\/span>\n\t\t\t\t\t<\/span>\n\t\t\t\t\t<\/a>\n\t\t\t\t<\/div>\n\t\t\t\t\t\t\t\t<\/div>\n\t\t\t\t<\/div>\n\t\t\t\t\t<\/div>\n\t\t<\/div>\n\t\t\t\t\t<\/div>\n\t\t<\/section>\n\t\t\t\t<\/div>\n\t\t","protected":false},"excerpt":{"rendered":"<p>Au premier \u00e9tage du moulin, une magnifique salle de 75 m2 a \u00e9t\u00e9 am\u00e9nag\u00e9e pour pratiquer le yoga et les&hellip;<\/p>\n","protected":false},"author":1,"featured_media":368,"parent":0,"menu_order":0,"comment_status":"closed","ping_status":"closed","template":"","meta":{"footnotes":""},"class_list":["post-425","page","type-page","status-publish","has-post-thumbnail","hentry"],"_links":{"self":[{"href":"https:\/\/moulindesalles.fr\/index.php?rest_route=\/wp\/v2\/pages\/425","targetHints":{"allow":["GET"]}}],"collection":[{"href":"https:\/\/moulindesalles.fr\/index.php?rest_route=\/wp\/v2\/pages"}],"about":[{"href":"https:\/\/moulindesalles.fr\/index.php?rest_route=\/wp\/v2\/types\/page"}],"author":[{"embeddable":true,"href":"https:\/\/moulindesalles.fr\/index.php?rest_route=\/wp\/v2\/users\/1"}],"replies":[{"embeddable":true,"href":"https:\/\/moulindesalles.fr\/index.php?rest_route=%2Fwp%2Fv2%2Fcomments&post=425"}],"version-history":[{"count":2,"href":"https:\/\/moulindesalles.fr\/index.php?rest_route=\/wp\/v2\/pages\/425\/revisions"}],"predecessor-version":[{"id":1733,"href":"https:\/\/moulindesalles.fr\/index.php?rest_route=\/wp\/v2\/pages\/425\/revisions\/1733"}],"wp:featuredmedia":[{"embeddable":true,"href":"https:\/\/moulindesalles.fr\/index.php?rest_route=\/wp\/v2\/media\/368"}],"wp:attachment":[{"href":"https:\/\/moulindesalles.fr\/index.php?rest_route=%2Fwp%2Fv2%2Fmedia&parent=425"}],"curies":[{"name":"wp","href":"https:\/\/api.w.org\/{rel}","templated":true}]}}