{"id":332,"date":"2021-11-30T22:38:53","date_gmt":"2021-11-30T21:38:53","guid":{"rendered":"https:\/\/moulindesalles.fr\/?page_id=332"},"modified":"2026-03-07T16:59:36","modified_gmt":"2026-03-07T15:59:36","slug":"yoga","status":"publish","type":"page","link":"https:\/\/moulindesalles.fr\/?page_id=332","title":{"rendered":"Yoga"},"content":{"rendered":"\t\t<div data-elementor-type=\"wp-page\" data-elementor-id=\"332\" class=\"elementor elementor-332\">\n\t\t\t\t\t\t<section class=\"elementor-section elementor-top-section elementor-element elementor-element-ece24d8 elementor-section-boxed elementor-section-height-default elementor-section-height-default\" data-id=\"ece24d8\" data-element_type=\"section\" data-e-type=\"section\">\n\t\t\t\t\t\t<div class=\"elementor-container elementor-column-gap-default\">\n\t\t\t\t\t<div class=\"elementor-column elementor-col-100 elementor-top-column elementor-element elementor-element-c7befa2\" data-id=\"c7befa2\" data-element_type=\"column\" data-e-type=\"column\">\n\t\t\t<div class=\"elementor-widget-wrap elementor-element-populated\">\n\t\t\t\t\t\t<div class=\"elementor-element elementor-element-6a9cd35 elementor-widget elementor-widget-image\" data-id=\"6a9cd35\" data-element_type=\"widget\" data-e-type=\"widget\" data-widget_type=\"image.default\">\n\t\t\t\t<div class=\"elementor-widget-container\">\n\t\t\t\t\t\t\t\t\t\t\t\t\t\t\t<img fetchpriority=\"high\" decoding=\"async\" width=\"688\" height=\"516\" src=\"https:\/\/moulindesalles.fr\/wp-content\/uploads\/2021\/11\/IMG_1157-1024x768.jpg\" class=\"attachment-large size-large wp-image-158\" alt=\"\" srcset=\"https:\/\/moulindesalles.fr\/wp-content\/uploads\/2021\/11\/IMG_1157-1024x768.jpg 1024w, https:\/\/moulindesalles.fr\/wp-content\/uploads\/2021\/11\/IMG_1157-768x576.jpg 768w, https:\/\/moulindesalles.fr\/wp-content\/uploads\/2021\/11\/IMG_1157-1536x1152.jpg 1536w, https:\/\/moulindesalles.fr\/wp-content\/uploads\/2021\/11\/IMG_1157-2048x1536.jpg 2048w\" sizes=\"(max-width: 688px) 100vw, 688px\" \/>\t\t\t\t\t\t\t\t\t\t\t\t\t\t\t<\/div>\n\t\t\t\t<\/div>\n\t\t\t\t\t<\/div>\n\t\t<\/div>\n\t\t\t\t\t<\/div>\n\t\t<\/section>\n\t\t\t\t<section class=\"elementor-section elementor-top-section elementor-element elementor-element-4b6f68d elementor-section-boxed elementor-section-height-default elementor-section-height-default\" data-id=\"4b6f68d\" data-element_type=\"section\" data-e-type=\"section\">\n\t\t\t\t\t\t<div class=\"elementor-container elementor-column-gap-default\">\n\t\t\t\t\t<div class=\"elementor-column elementor-col-50 elementor-top-column elementor-element elementor-element-7b1d20c\" data-id=\"7b1d20c\" data-element_type=\"column\" data-e-type=\"column\">\n\t\t\t<div class=\"elementor-widget-wrap elementor-element-populated\">\n\t\t\t\t\t\t\t<\/div>\n\t\t<\/div>\n\t\t\t\t<div class=\"elementor-column elementor-col-50 elementor-top-column elementor-element elementor-element-03495f5\" data-id=\"03495f5\" data-element_type=\"column\" data-e-type=\"column\">\n\t\t\t<div class=\"elementor-widget-wrap elementor-element-populated\">\n\t\t\t\t\t\t<div class=\"elementor-element elementor-element-64a1fc4 elementor-widget elementor-widget-text-editor\" data-id=\"64a1fc4\" data-element_type=\"widget\" data-e-type=\"widget\" data-widget_type=\"text-editor.default\">\n\t\t\t\t<div class=\"elementor-widget-container\">\n\t\t\t\t\t\t\t\t\t<p>D\u00e9sormais toute l&rsquo;ann\u00e9e, des cours de yoga sont propos\u00e9s sur le site du Moulin de Salles, en ext\u00e9rieur ou dans une magnifique salle au premier \u00e9tage du moulin ou pendant l&rsquo;hiver dans le grand salon de la maison pr\u00e8s du po\u00eale \u00e0 bois.\u00a0<\/p><p>Sylvie B\u00e9rardi, professeure de yoga certifi\u00e9e vous accueille pour vous faire d\u00e9couvrir la pratique du Hatha yoga, du yoga doux, des respirations, de la m\u00e9ditation et de la relaxation.<\/p><p><strong style=\"font-size: 1rem;\">Cours collectifs hebdomadaires<\/strong><\/p><p>\u00a0lundi: 12h30 \u00e0 13h45<span style=\"font-size: 1rem;\">\u00a0<\/span><\/p><p><span style=\"font-size: 1rem;\">mardi: 18h \u00e0 19h15<\/span><\/p><p>jeudi: 18h \u00e0 19h15<\/p><p>\u2013 15\u20ac \/s\u00e9ance \/ personne. Adh\u00e9sion \u00e0 l\u2019association: 15\u20ac<\/p><p><strong>Cours individuels<\/strong>\u00a0\u00e0 la demande: 30\u20ac\/ s\u00e9ance<\/p><p><strong>Ateliers<\/strong>\u00a0les samedis 9h-12h:<\/p><ul><li>21 mars 2026<\/li><li>25 avril 2026<\/li><li>18 juillet 2026<\/li><li>15 ao\u00fbt 2026<\/li><li>26 septembre 2026<\/li><\/ul><p>\u2013 40\u20ac \/ personne \/ atelier\u00a0<\/p><p><strong>Stage : 13 &#8211; 14 juin 2026<\/strong><\/p><p>225\u20ac (stage et repas compris) \u2013 h\u00e9bergement possible sur place sur r\u00e9servation.<\/p><p><strong>Cours individuel \u00e0 domicile <\/strong>(dans un rayon de 5 kms)<strong>:\u00a0<\/strong>40\u20ac<\/p><p><strong>Contact: Sylvie BERARDI\u00a0 06 11 70 33 27<\/strong><\/p><p><strong>Adresse: Moulin de Salles,\u00a0<\/strong><strong>823 route de Salles,\u00a0<\/strong><strong>24350 Tocane Saint Apre<\/strong><\/p><p style=\"text-align: center;\">\u00a0<\/p>\t\t\t\t\t\t\t\t<\/div>\n\t\t\t\t<\/div>\n\t\t\t\t\t<\/div>\n\t\t<\/div>\n\t\t\t\t\t<\/div>\n\t\t<\/section>\n\t\t\t\t<section class=\"elementor-section elementor-top-section elementor-element elementor-element-fa3d6ce elementor-section-boxed elementor-section-height-default elementor-section-height-default\" data-id=\"fa3d6ce\" data-element_type=\"section\" data-e-type=\"section\">\n\t\t\t\t\t\t<div class=\"elementor-container elementor-column-gap-default\">\n\t\t\t\t\t<div class=\"elementor-column elementor-col-100 elementor-top-column elementor-element elementor-element-1c753e4\" data-id=\"1c753e4\" data-element_type=\"column\" data-e-type=\"column\">\n\t\t\t<div class=\"elementor-widget-wrap elementor-element-populated\">\n\t\t\t\t\t\t<div class=\"elementor-element elementor-element-316acf7 elementor-widget elementor-widget-image\" data-id=\"316acf7\" data-element_type=\"widget\" data-e-type=\"widget\" data-widget_type=\"image.default\">\n\t\t\t\t<div class=\"elementor-widget-container\">\n\t\t\t\t\t\t\t\t\t\t\t\t\t\t\t<img decoding=\"async\" src=\"https:\/\/moulindesalles.fr\/wp-content\/uploads\/2023\/09\/BANDEAU_-2023-cours-yoga-9sept2023-851-\u00d7-315-px.png\" title=\"\" alt=\"\" loading=\"lazy\" \/>\t\t\t\t\t\t\t\t\t\t\t\t\t\t\t<\/div>\n\t\t\t\t<\/div>\n\t\t\t\t\t<\/div>\n\t\t<\/div>\n\t\t\t\t\t<\/div>\n\t\t<\/section>\n\t\t\t\t<section class=\"elementor-section elementor-top-section elementor-element elementor-element-a58e260 elementor-section-boxed elementor-section-height-default elementor-section-height-default\" data-id=\"a58e260\" data-element_type=\"section\" data-e-type=\"section\">\n\t\t\t\t\t\t<div class=\"elementor-container elementor-column-gap-default\">\n\t\t\t\t\t<div class=\"elementor-column elementor-col-100 elementor-top-column elementor-element elementor-element-305c725\" data-id=\"305c725\" data-element_type=\"column\" data-e-type=\"column\">\n\t\t\t<div class=\"elementor-widget-wrap elementor-element-populated\">\n\t\t\t\t\t\t<div class=\"elementor-element elementor-element-7d110dd elementor-align-center elementor-widget elementor-widget-button\" data-id=\"7d110dd\" data-element_type=\"widget\" data-e-type=\"widget\" data-widget_type=\"button.default\">\n\t\t\t\t<div class=\"elementor-widget-container\">\n\t\t\t\t\t\t\t\t\t<div class=\"elementor-button-wrapper\">\n\t\t\t\t\t<a class=\"elementor-button elementor-button-link elementor-size-sm\" href=\"https:\/\/moulindesalles.fr\/?page_id=352\" target=\"_blank\">\n\t\t\t\t\t\t<span class=\"elementor-button-content-wrapper\">\n\t\t\t\t\t\t\t\t\t<span class=\"elementor-button-text\">RESERVATIONS<\/span>\n\t\t\t\t\t<\/span>\n\t\t\t\t\t<\/a>\n\t\t\t\t<\/div>\n\t\t\t\t\t\t\t\t<\/div>\n\t\t\t\t<\/div>\n\t\t\t\t\t<\/div>\n\t\t<\/div>\n\t\t\t\t\t<\/div>\n\t\t<\/section>\n\t\t\t\t<section class=\"elementor-section elementor-top-section elementor-element elementor-element-bfe66eb elementor-section-boxed elementor-section-height-default elementor-section-height-default\" data-id=\"bfe66eb\" data-element_type=\"section\" data-e-type=\"section\">\n\t\t\t\t\t\t<div class=\"elementor-container elementor-column-gap-default\">\n\t\t\t\t\t<div class=\"elementor-column elementor-col-100 elementor-top-column elementor-element elementor-element-d178194\" data-id=\"d178194\" data-element_type=\"column\" data-e-type=\"column\">\n\t\t\t<div class=\"elementor-widget-wrap elementor-element-populated\">\n\t\t\t\t\t\t<div class=\"elementor-element elementor-element-8b32931 elementor-widget-divider--view-line elementor-widget elementor-widget-divider\" data-id=\"8b32931\" data-element_type=\"widget\" data-e-type=\"widget\" data-widget_type=\"divider.default\">\n\t\t\t\t<div class=\"elementor-widget-container\">\n\t\t\t\t\t\t\t<div class=\"elementor-divider\">\n\t\t\t<span class=\"elementor-divider-separator\">\n\t\t\t\t\t\t<\/span>\n\t\t<\/div>\n\t\t\t\t\t\t<\/div>\n\t\t\t\t<\/div>\n\t\t\t\t\t<\/div>\n\t\t<\/div>\n\t\t\t\t\t<\/div>\n\t\t<\/section>\n\t\t\t\t<section class=\"elementor-section elementor-top-section elementor-element elementor-element-14c945c elementor-section-boxed elementor-section-height-default elementor-section-height-default\" data-id=\"14c945c\" data-element_type=\"section\" data-e-type=\"section\">\n\t\t\t\t\t\t<div class=\"elementor-container elementor-column-gap-default\">\n\t\t\t\t\t<div class=\"elementor-column elementor-col-50 elementor-top-column elementor-element elementor-element-5d57dcf\" data-id=\"5d57dcf\" data-element_type=\"column\" data-e-type=\"column\">\n\t\t\t<div class=\"elementor-widget-wrap elementor-element-populated\">\n\t\t\t\t\t\t<div class=\"elementor-element elementor-element-f6f1789 elementor-widget elementor-widget-image\" data-id=\"f6f1789\" data-element_type=\"widget\" data-e-type=\"widget\" data-widget_type=\"image.default\">\n\t\t\t\t<div class=\"elementor-widget-container\">\n\t\t\t\t\t\t\t\t\t\t\t\t\t\t\t<img decoding=\"async\" src=\"https:\/\/moulindesalles.fr\/wp-content\/uploads\/2023\/05\/1.png\" title=\"\" alt=\"\" loading=\"lazy\" \/>\t\t\t\t\t\t\t\t\t\t\t\t\t\t\t<\/div>\n\t\t\t\t<\/div>\n\t\t\t\t\t<\/div>\n\t\t<\/div>\n\t\t\t\t<div class=\"elementor-column elementor-col-50 elementor-top-column elementor-element elementor-element-1c740cd\" data-id=\"1c740cd\" data-element_type=\"column\" data-e-type=\"column\">\n\t\t\t<div class=\"elementor-widget-wrap elementor-element-populated\">\n\t\t\t\t\t\t<div class=\"elementor-element elementor-element-eeff34b elementor-widget elementor-widget-image\" data-id=\"eeff34b\" data-element_type=\"widget\" data-e-type=\"widget\" data-widget_type=\"image.default\">\n\t\t\t\t<div class=\"elementor-widget-container\">\n\t\t\t\t\t\t\t\t\t\t\t\t\t\t\t<img decoding=\"async\" src=\"https:\/\/moulindesalles.fr\/wp-content\/uploads\/2023\/05\/2.png\" title=\"\" alt=\"\" loading=\"lazy\" \/>\t\t\t\t\t\t\t\t\t\t\t\t\t\t\t<\/div>\n\t\t\t\t<\/div>\n\t\t\t\t\t<\/div>\n\t\t<\/div>\n\t\t\t\t\t<\/div>\n\t\t<\/section>\n\t\t\t\t<section class=\"elementor-section elementor-top-section elementor-element elementor-element-02f2b26 elementor-section-boxed elementor-section-height-default elementor-section-height-default\" data-id=\"02f2b26\" data-element_type=\"section\" data-e-type=\"section\">\n\t\t\t\t\t\t<div class=\"elementor-container elementor-column-gap-default\">\n\t\t\t\t\t<div class=\"elementor-column elementor-col-100 elementor-top-column elementor-element elementor-element-8e34e7e\" data-id=\"8e34e7e\" data-element_type=\"column\" data-e-type=\"column\">\n\t\t\t<div class=\"elementor-widget-wrap elementor-element-populated\">\n\t\t\t\t\t\t<div class=\"elementor-element elementor-element-ab5cc77 elementor-widget elementor-widget-heading\" data-id=\"ab5cc77\" data-element_type=\"widget\" data-e-type=\"widget\" data-widget_type=\"heading.default\">\n\t\t\t\t<div class=\"elementor-widget-container\">\n\t\t\t\t\t<h2 class=\"elementor-heading-title elementor-size-default\">Votre intervenante<\/h2>\t\t\t\t<\/div>\n\t\t\t\t<\/div>\n\t\t\t\t\t<\/div>\n\t\t<\/div>\n\t\t\t\t\t<\/div>\n\t\t<\/section>\n\t\t\t\t<section class=\"elementor-section elementor-top-section elementor-element elementor-element-0f94471 elementor-section-boxed elementor-section-height-default elementor-section-height-default\" data-id=\"0f94471\" data-element_type=\"section\" data-e-type=\"section\">\n\t\t\t\t\t\t<div class=\"elementor-container elementor-column-gap-default\">\n\t\t\t\t\t<div class=\"elementor-column elementor-col-50 elementor-top-column elementor-element elementor-element-7f3e467\" data-id=\"7f3e467\" data-element_type=\"column\" data-e-type=\"column\">\n\t\t\t<div class=\"elementor-widget-wrap elementor-element-populated\">\n\t\t\t\t\t\t<div class=\"elementor-element elementor-element-e8b9365 elementor-widget elementor-widget-image\" data-id=\"e8b9365\" data-element_type=\"widget\" data-e-type=\"widget\" data-widget_type=\"image.default\">\n\t\t\t\t<div class=\"elementor-widget-container\">\n\t\t\t\t\t\t\t\t\t\t\t\t\t\t\t<img decoding=\"async\" width=\"688\" height=\"917\" src=\"https:\/\/moulindesalles.fr\/wp-content\/uploads\/2021\/12\/IMG_0649-768x1024.jpg\" class=\"attachment-medium_large size-medium_large wp-image-378\" alt=\"\" srcset=\"https:\/\/moulindesalles.fr\/wp-content\/uploads\/2021\/12\/IMG_0649-768x1024.jpg 768w, https:\/\/moulindesalles.fr\/wp-content\/uploads\/2021\/12\/IMG_0649-225x300.jpg 225w, https:\/\/moulindesalles.fr\/wp-content\/uploads\/2021\/12\/IMG_0649-1152x1536.jpg 1152w, https:\/\/moulindesalles.fr\/wp-content\/uploads\/2021\/12\/IMG_0649-1536x2048.jpg 1536w, https:\/\/moulindesalles.fr\/wp-content\/uploads\/2021\/12\/IMG_0649-scaled.jpg 1920w\" sizes=\"(max-width: 688px) 100vw, 688px\" \/>\t\t\t\t\t\t\t\t\t\t\t\t\t\t\t<\/div>\n\t\t\t\t<\/div>\n\t\t\t\t\t<\/div>\n\t\t<\/div>\n\t\t\t\t<div class=\"elementor-column elementor-col-50 elementor-top-column elementor-element elementor-element-eb39cf5\" data-id=\"eb39cf5\" data-element_type=\"column\" data-e-type=\"column\">\n\t\t\t<div class=\"elementor-widget-wrap elementor-element-populated\">\n\t\t\t\t\t\t<div class=\"elementor-element elementor-element-fb831d4 elementor-widget__width-initial elementor-widget elementor-widget-text-editor\" data-id=\"fb831d4\" data-element_type=\"widget\" data-e-type=\"widget\" data-widget_type=\"text-editor.default\">\n\t\t\t\t<div class=\"elementor-widget-container\">\n\t\t\t\t\t\t\t\t\t<p>Sylvie, professeure de yoga certifi\u00e9e par les Ecoles canadiennes Diva Yoga et Corps-Esprit et l&rsquo;\u00e9cole fran\u00e7aise Culture Yoga. Form\u00e9e en Hatha yoga et en Yoga des \u00e9motions ainsi qu&rsquo;\u00e0 la pratique de l&rsquo;Hypnose Ericksonienne, elle vous propose des \u00a0s\u00e9ances de Hatha yoga, Yoga doux, M\u00e9ditation et Relaxation pour tous niveaux.<\/p>\t\t\t\t\t\t\t\t<\/div>\n\t\t\t\t<\/div>\n\t\t\t\t\t<\/div>\n\t\t<\/div>\n\t\t\t\t\t<\/div>\n\t\t<\/section>\n\t\t\t\t<section class=\"elementor-section elementor-top-section elementor-element elementor-element-22561b5 elementor-section-boxed elementor-section-height-default elementor-section-height-default\" data-id=\"22561b5\" data-element_type=\"section\" data-e-type=\"section\">\n\t\t\t\t\t\t<div class=\"elementor-container elementor-column-gap-default\">\n\t\t\t\t\t<div class=\"elementor-column elementor-col-100 elementor-top-column elementor-element elementor-element-8adce2b\" data-id=\"8adce2b\" data-element_type=\"column\" data-e-type=\"column\">\n\t\t\t<div class=\"elementor-widget-wrap elementor-element-populated\">\n\t\t\t\t\t\t<div class=\"elementor-element elementor-element-833359c elementor-widget-divider--view-line elementor-widget elementor-widget-divider\" data-id=\"833359c\" data-element_type=\"widget\" data-e-type=\"widget\" data-widget_type=\"divider.default\">\n\t\t\t\t<div class=\"elementor-widget-container\">\n\t\t\t\t\t\t\t<div class=\"elementor-divider\">\n\t\t\t<span class=\"elementor-divider-separator\">\n\t\t\t\t\t\t<\/span>\n\t\t<\/div>\n\t\t\t\t\t\t<\/div>\n\t\t\t\t<\/div>\n\t\t\t\t\t<\/div>\n\t\t<\/div>\n\t\t\t\t\t<\/div>\n\t\t<\/section>\n\t\t\t\t<\/div>\n\t\t","protected":false},"excerpt":{"rendered":"<p>D\u00e9sormais toute l&rsquo;ann\u00e9e, des cours de yoga sont propos\u00e9s sur le site du Moulin de Salles, en ext\u00e9rieur ou dans&hellip;<\/p>\n","protected":false},"author":1,"featured_media":231,"parent":0,"menu_order":0,"comment_status":"closed","ping_status":"closed","template":"","meta":{"footnotes":""},"class_list":["post-332","page","type-page","status-publish","has-post-thumbnail","hentry"],"_links":{"self":[{"href":"https:\/\/moulindesalles.fr\/index.php?rest_route=\/wp\/v2\/pages\/332","targetHints":{"allow":["GET"]}}],"collection":[{"href":"https:\/\/moulindesalles.fr\/index.php?rest_route=\/wp\/v2\/pages"}],"about":[{"href":"https:\/\/moulindesalles.fr\/index.php?rest_route=\/wp\/v2\/types\/page"}],"author":[{"embeddable":true,"href":"https:\/\/moulindesalles.fr\/index.php?rest_route=\/wp\/v2\/users\/1"}],"replies":[{"embeddable":true,"href":"https:\/\/moulindesalles.fr\/index.php?rest_route=%2Fwp%2Fv2%2Fcomments&post=332"}],"version-history":[{"count":2,"href":"https:\/\/moulindesalles.fr\/index.php?rest_route=\/wp\/v2\/pages\/332\/revisions"}],"predecessor-version":[{"id":4004,"href":"https:\/\/moulindesalles.fr\/index.php?rest_route=\/wp\/v2\/pages\/332\/revisions\/4004"}],"wp:featuredmedia":[{"embeddable":true,"href":"https:\/\/moulindesalles.fr\/index.php?rest_route=\/wp\/v2\/media\/231"}],"wp:attachment":[{"href":"https:\/\/moulindesalles.fr\/index.php?rest_route=%2Fwp%2Fv2%2Fmedia&parent=332"}],"curies":[{"name":"wp","href":"https:\/\/api.w.org\/{rel}","templated":true}]}}