{"id":196,"date":"2021-11-27T20:47:34","date_gmt":"2021-11-27T19:47:34","guid":{"rendered":"https:\/\/moulindesalles.fr\/?page_id=196"},"modified":"2025-12-21T21:09:42","modified_gmt":"2025-12-21T20:09:42","slug":"association-les-amis-du-moulin-de-salles","status":"publish","type":"page","link":"https:\/\/moulindesalles.fr\/?page_id=196","title":{"rendered":"Association Les Amis du Moulin de Salles"},"content":{"rendered":"\t\t<div data-elementor-type=\"wp-page\" data-elementor-id=\"196\" class=\"elementor elementor-196\">\n\t\t\t\t\t\t<section class=\"elementor-section elementor-top-section elementor-element elementor-element-78c87a1 elementor-section-boxed elementor-section-height-default elementor-section-height-default\" data-id=\"78c87a1\" data-element_type=\"section\" data-e-type=\"section\">\n\t\t\t\t\t\t<div class=\"elementor-container elementor-column-gap-default\">\n\t\t\t\t\t<div class=\"elementor-column elementor-col-50 elementor-top-column elementor-element elementor-element-1445f47\" data-id=\"1445f47\" data-element_type=\"column\" data-e-type=\"column\">\n\t\t\t<div class=\"elementor-widget-wrap elementor-element-populated\">\n\t\t\t\t\t\t<div class=\"elementor-element elementor-element-7d4ef25 elementor-widget elementor-widget-image\" data-id=\"7d4ef25\" data-element_type=\"widget\" data-e-type=\"widget\" data-widget_type=\"image.default\">\n\t\t\t\t<div class=\"elementor-widget-container\">\n\t\t\t\t\t\t\t\t\t\t\t\t\t\t\t<img fetchpriority=\"high\" decoding=\"async\" width=\"688\" height=\"387\" src=\"https:\/\/moulindesalles.fr\/wp-content\/uploads\/2024\/12\/IMG_1093_Original-1024x576.jpg\" class=\"attachment-large size-large wp-image-3470\" alt=\"\" srcset=\"https:\/\/moulindesalles.fr\/wp-content\/uploads\/2024\/12\/IMG_1093_Original-1024x576.jpg 1024w, https:\/\/moulindesalles.fr\/wp-content\/uploads\/2024\/12\/IMG_1093_Original-300x169.jpg 300w, https:\/\/moulindesalles.fr\/wp-content\/uploads\/2024\/12\/IMG_1093_Original-768x432.jpg 768w, https:\/\/moulindesalles.fr\/wp-content\/uploads\/2024\/12\/IMG_1093_Original-1536x864.jpg 1536w, https:\/\/moulindesalles.fr\/wp-content\/uploads\/2024\/12\/IMG_1093_Original-2048x1152.jpg 2048w, https:\/\/moulindesalles.fr\/wp-content\/uploads\/2024\/12\/IMG_1093_Original-1600x900.jpg 1600w, https:\/\/moulindesalles.fr\/wp-content\/uploads\/2024\/12\/IMG_1093_Original-600x338.jpg 600w\" sizes=\"(max-width: 688px) 100vw, 688px\" \/>\t\t\t\t\t\t\t\t\t\t\t\t\t\t\t<\/div>\n\t\t\t\t<\/div>\n\t\t\t\t\t<\/div>\n\t\t<\/div>\n\t\t\t\t<div class=\"elementor-column elementor-col-50 elementor-top-column elementor-element elementor-element-bfa70a1\" data-id=\"bfa70a1\" data-element_type=\"column\" data-e-type=\"column\">\n\t\t\t<div class=\"elementor-widget-wrap elementor-element-populated\">\n\t\t\t\t\t\t<div class=\"elementor-element elementor-element-51149dd elementor-widget elementor-widget-text-editor\" data-id=\"51149dd\" data-element_type=\"widget\" data-e-type=\"widget\" data-widget_type=\"text-editor.default\">\n\t\t\t\t<div class=\"elementor-widget-container\">\n\t\t\t\t\t\t\t\t\t<h2>\u00a0<\/h2><p class=\"p1\" style=\"text-align: center;\">\u00a0<\/p>\t\t\t\t\t\t\t\t<\/div>\n\t\t\t\t<\/div>\n\t\t\t\t\t<\/div>\n\t\t<\/div>\n\t\t\t\t\t<\/div>\n\t\t<\/section>\n\t\t\t\t<section class=\"elementor-section elementor-top-section elementor-element elementor-element-9aa12e3 elementor-section-boxed elementor-section-height-default elementor-section-height-default\" data-id=\"9aa12e3\" data-element_type=\"section\" data-e-type=\"section\">\n\t\t\t\t\t\t<div class=\"elementor-container elementor-column-gap-default\">\n\t\t\t\t\t<div class=\"elementor-column elementor-col-100 elementor-top-column elementor-element elementor-element-8906b3a\" data-id=\"8906b3a\" data-element_type=\"column\" data-e-type=\"column\">\n\t\t\t<div class=\"elementor-widget-wrap elementor-element-populated\">\n\t\t\t\t\t\t<div class=\"elementor-element elementor-element-40c8af3 elementor-widget elementor-widget-heading\" data-id=\"40c8af3\" data-element_type=\"widget\" data-e-type=\"widget\" data-widget_type=\"heading.default\">\n\t\t\t\t<div class=\"elementor-widget-container\">\n\t\t\t\t\t<h5 class=\"elementor-heading-title elementor-size-default\">Le mot de la famille<\/h5>\t\t\t\t<\/div>\n\t\t\t\t<\/div>\n\t\t\t\t\t<\/div>\n\t\t<\/div>\n\t\t\t\t\t<\/div>\n\t\t<\/section>\n\t\t\t\t<section class=\"elementor-section elementor-top-section elementor-element elementor-element-b901e2e elementor-section-boxed elementor-section-height-default elementor-section-height-default\" data-id=\"b901e2e\" data-element_type=\"section\" data-e-type=\"section\">\n\t\t\t\t\t\t<div class=\"elementor-container elementor-column-gap-default\">\n\t\t\t\t\t<div class=\"elementor-column elementor-col-100 elementor-top-column elementor-element elementor-element-7c5ced4\" data-id=\"7c5ced4\" data-element_type=\"column\" data-e-type=\"column\">\n\t\t\t<div class=\"elementor-widget-wrap elementor-element-populated\">\n\t\t\t\t\t\t<div class=\"elementor-element elementor-element-40aceb5 elementor-widget elementor-widget-text-editor\" data-id=\"40aceb5\" data-element_type=\"widget\" data-e-type=\"widget\" data-widget_type=\"text-editor.default\">\n\t\t\t\t<div class=\"elementor-widget-container\">\n\t\t\t\t\t\t\t\t\t<p class=\"p1\"><em>\u00ab\u00a0Depuis plusieurs ann\u00e9es, de nombreuses personnes se sont manifest\u00e9es pour aider \u00e0 la r\u00e9novation et \u00e0 l\u2019animation du Moulin de Salles. Tous ces efforts sont maintenant concentr\u00e9s dans <strong>l\u2019Association des Amis du Moulin de Salles<\/strong>. <\/em><\/p><p class=\"p1\"><em>Cette association est \u00e0 votre disposition pour r\u00e9unir celles et ceux qui aiment ce joli patrimoine et ont \u00e0 coeur de le pr\u00e9server et de le mettre en valeur.\u00a0\u00bb<\/em><\/p><p class=\"p1\" style=\"text-align: center;\"><strong>Vous \u00eates les bienvenus ! Merci \u00e0 vous.<\/strong><\/p>\t\t\t\t\t\t\t\t<\/div>\n\t\t\t\t<\/div>\n\t\t\t\t\t<\/div>\n\t\t<\/div>\n\t\t\t\t\t<\/div>\n\t\t<\/section>\n\t\t\t\t<section class=\"elementor-section elementor-top-section elementor-element elementor-element-d4c0348 elementor-section-boxed elementor-section-height-default elementor-section-height-default\" data-id=\"d4c0348\" data-element_type=\"section\" data-e-type=\"section\">\n\t\t\t\t\t\t<div class=\"elementor-container elementor-column-gap-default\">\n\t\t\t\t\t<div class=\"elementor-column elementor-col-100 elementor-top-column elementor-element elementor-element-f11fb16\" data-id=\"f11fb16\" data-element_type=\"column\" data-e-type=\"column\">\n\t\t\t<div class=\"elementor-widget-wrap elementor-element-populated\">\n\t\t\t\t\t\t<div class=\"elementor-element elementor-element-28f6705 elementor-widget elementor-widget-text-editor\" data-id=\"28f6705\" data-element_type=\"widget\" data-e-type=\"widget\" data-widget_type=\"text-editor.default\">\n\t\t\t\t<div class=\"elementor-widget-container\">\n\t\t\t\t\t\t\t\t\t<p><strong>La famille:\u00a0 Sylvie, Yann Kel, Marco, Ugo, Lucas, Pierre, L\u00e9a, Etienne, Carole, Marine, Clio. (et la 4\u00b0 g\u00e9n\u00e9ration: Emilio, Jim, Charlie, Cl\u00e9o, Sol et Sacha)<\/strong><\/p>\t\t\t\t\t\t\t\t<\/div>\n\t\t\t\t<\/div>\n\t\t\t\t\t<\/div>\n\t\t<\/div>\n\t\t\t\t\t<\/div>\n\t\t<\/section>\n\t\t\t\t<section class=\"elementor-section elementor-top-section elementor-element elementor-element-5cc43b4 elementor-section-boxed elementor-section-height-default elementor-section-height-default\" data-id=\"5cc43b4\" data-element_type=\"section\" data-e-type=\"section\">\n\t\t\t\t\t\t<div class=\"elementor-container elementor-column-gap-default\">\n\t\t\t\t\t<div class=\"elementor-column elementor-col-50 elementor-top-column elementor-element elementor-element-f7a361e\" data-id=\"f7a361e\" data-element_type=\"column\" data-e-type=\"column\">\n\t\t\t<div class=\"elementor-widget-wrap elementor-element-populated\">\n\t\t\t\t\t\t<div class=\"elementor-element elementor-element-5f5396c elementor-widget elementor-widget-text-editor\" data-id=\"5f5396c\" data-element_type=\"widget\" data-e-type=\"widget\" data-widget_type=\"text-editor.default\">\n\t\t\t\t<div class=\"elementor-widget-container\">\n\t\t\t\t\t\t\t\t\t<h2 class=\"p1\"><span style=\"text-decoration: none;\">Pour adh\u00e9rer :<\/span><\/h2><p class=\"p1\">Afin de faire revivre le moulin, plusieurs \u00e9v\u00e9nements sont organis\u00e9s \u00e0 la belle <span class=\"s1\">saison<\/span> qui n\u00e9cessitent des <strong>b\u00e9n\u00e9voles<\/strong>.\u00a0<\/p><p class=\"p2\"><strong>Devenir b\u00e9n\u00e9vole,<\/strong> c\u2019est d\u00e9cider d\u2019\u00eatre utile, c\u2019est participer \u00e0 la transmission de sa (ses) passion(s) et mettre au service de tous, ses comp\u00e9tences et ses capacit\u00e9s. Mais c\u2019est surtout se faire plaisir, pouvoir vivre des moments d\u2019exception, d\u00e9couvrir les autres\u2026 Nous avons tous de bonnes raisons de devenir b\u00e9n\u00e9vole.<\/p><p class=\"p2\" style=\"text-align: center;\"><strong>Dans le cadre des animations du Moulin de Salles, nous avons besoin de vous.\u00a0<\/strong><b>Venez nous retrouver !<\/b><\/p>\t\t\t\t\t\t\t\t<\/div>\n\t\t\t\t<\/div>\n\t\t\t\t\t<\/div>\n\t\t<\/div>\n\t\t\t\t<div class=\"elementor-column elementor-col-50 elementor-top-column elementor-element elementor-element-f7fb3c4\" data-id=\"f7fb3c4\" data-element_type=\"column\" data-e-type=\"column\" data-settings=\"{&quot;background_background&quot;:&quot;classic&quot;}\">\n\t\t\t<div class=\"elementor-widget-wrap elementor-element-populated\">\n\t\t\t\t\t\t<div class=\"elementor-element elementor-element-dd4a0c4 elementor-widget elementor-widget-text-editor\" data-id=\"dd4a0c4\" data-element_type=\"widget\" data-e-type=\"widget\" data-widget_type=\"text-editor.default\">\n\t\t\t\t<div class=\"elementor-widget-container\">\n\t\t\t\t\t\t\t\t\t<p class=\"p2\"><b>Cette adh\u00e9sion \u00e0 l\u2019association vous permet si vous le souhaitez, de :<\/b><\/p><ul class=\"ul1\"><li class=\"li4\"><span class=\"s2\">Mieux conna\u00eetre le patrimoine des moulins \u00e0 eau<\/span><\/li><li class=\"li4\"><span class=\"s2\">Participer au rayonnement du moulin\u00a0<\/span><\/li><li class=\"li4\"><span class=\"s2\">D\u00e9velopper le tourisme vert local<\/span><\/li><li class=\"li5\"><span class=\"s2\">Contribuer \u00e0 la restauration du moulin<\/span><\/li><li class=\"li5\"><span class=\"s2\">Participer \u00e0 l\u2019entretien de la rivi\u00e8re et du site<\/span><\/li><li class=\"li5\"><span class=\"s2\">Rechercher des sources de financement<\/span><\/li><li>Aider \u00e0 la cr\u00e9ation et \u00e0 l&rsquo;organisation des animations<\/li><\/ul><p class=\"p6\">En adh\u00e9rant, vous serez assur\u00e9(e) dans le cadre des actions de b\u00e9n\u00e9volat au moulin.<\/p>\t\t\t\t\t\t\t\t<\/div>\n\t\t\t\t<\/div>\n\t\t\t\t\t<\/div>\n\t\t<\/div>\n\t\t\t\t\t<\/div>\n\t\t<\/section>\n\t\t\t\t<section class=\"elementor-section elementor-top-section elementor-element elementor-element-559ac10 elementor-section-boxed elementor-section-height-default elementor-section-height-default\" data-id=\"559ac10\" data-element_type=\"section\" data-e-type=\"section\">\n\t\t\t\t\t\t<div class=\"elementor-container elementor-column-gap-default\">\n\t\t\t\t\t<div class=\"elementor-column elementor-col-100 elementor-top-column elementor-element elementor-element-1f4236c\" data-id=\"1f4236c\" data-element_type=\"column\" data-e-type=\"column\">\n\t\t\t<div class=\"elementor-widget-wrap elementor-element-populated\">\n\t\t\t\t\t\t<div class=\"elementor-element elementor-element-6e58b76 elementor-widget-divider--view-line elementor-widget elementor-widget-divider\" data-id=\"6e58b76\" data-element_type=\"widget\" data-e-type=\"widget\" data-widget_type=\"divider.default\">\n\t\t\t\t<div class=\"elementor-widget-container\">\n\t\t\t\t\t\t\t<div class=\"elementor-divider\">\n\t\t\t<span class=\"elementor-divider-separator\">\n\t\t\t\t\t\t<\/span>\n\t\t<\/div>\n\t\t\t\t\t\t<\/div>\n\t\t\t\t<\/div>\n\t\t\t\t<div class=\"elementor-element elementor-element-eb44f6d elementor-widget elementor-widget-text-editor\" data-id=\"eb44f6d\" data-element_type=\"widget\" data-e-type=\"widget\" data-widget_type=\"text-editor.default\">\n\t\t\t\t<div class=\"elementor-widget-container\">\n\t\t\t\t\t\t\t\t\t<p class=\"p6\"><b>La cotisation annuelle pour l\u2019ann\u00e9e civile est fix\u00e9e \u00e0 :<\/b><\/p><ul class=\"ul1\"><li class=\"li5\"><span class=\"s2\">15 euros pour les adh\u00e9rents<\/span><\/li><li class=\"li5\"><span class=\"s2\">un droit d&rsquo;entr\u00e9e de 100 euros et une cotisation sup\u00e9rieure \u00e0 15\u20ac pour les membres bienfaiteurs, soit un montant minimum de 116\u20ac.<\/span><\/li><\/ul><p class=\"p9\" style=\"text-align: center;\">Vous souhaitez soutenir le moulin de Salles ? Vous souhaitez participer \u00e0 l\u2019organisation des \u00e9v\u00e9nements de l\u2019association ?<\/p><p class=\"p9\" style=\"text-align: center;\"><em><strong> Rejoignez-nous!<\/strong><\/em><\/p><p>Remplissez le formulaire d&rsquo;adh\u00e9sion et payez votre cotisation en ligne sur la page <a href=\"https:\/\/moulindesalles.fr\/?page_id=2279\" target=\"_blank\" rel=\"noopener\"><strong>Adh\u00e9sion<\/strong><\/a> <span style=\"font-size: 14.4px;\">\u00a0ou si vous pr\u00e9f\u00e9rez le papier, t\u00e9l\u00e9chargez le formulaire\u00a0 et retournez le accompagn\u00e9 d&rsquo;un ch\u00e8que du montant de votre cotisation \u00e0 l&rsquo;adresse suivante:<\/span><\/p><p class=\"p9\" style=\"text-align: center;\"><em><strong>Moulin de Salles, 823 route de Salles, 24350 Tocane Saint Apre<\/strong><\/em><\/p>\t\t\t\t\t\t\t\t<\/div>\n\t\t\t\t<\/div>\n\t\t\t\t\t<\/div>\n\t\t<\/div>\n\t\t\t\t\t<\/div>\n\t\t<\/section>\n\t\t\t\t<\/div>\n\t\t","protected":false},"excerpt":{"rendered":"<p>\u00a0 \u00a0 Le mot de la famille \u00ab\u00a0Depuis plusieurs ann\u00e9es, de nombreuses personnes se sont manifest\u00e9es pour aider \u00e0 la&hellip;<\/p>\n","protected":false},"author":1,"featured_media":159,"parent":0,"menu_order":0,"comment_status":"closed","ping_status":"closed","template":"","meta":{"footnotes":""},"class_list":["post-196","page","type-page","status-publish","has-post-thumbnail","hentry"],"_links":{"self":[{"href":"https:\/\/moulindesalles.fr\/index.php?rest_route=\/wp\/v2\/pages\/196","targetHints":{"allow":["GET"]}}],"collection":[{"href":"https:\/\/moulindesalles.fr\/index.php?rest_route=\/wp\/v2\/pages"}],"about":[{"href":"https:\/\/moulindesalles.fr\/index.php?rest_route=\/wp\/v2\/types\/page"}],"author":[{"embeddable":true,"href":"https:\/\/moulindesalles.fr\/index.php?rest_route=\/wp\/v2\/users\/1"}],"replies":[{"embeddable":true,"href":"https:\/\/moulindesalles.fr\/index.php?rest_route=%2Fwp%2Fv2%2Fcomments&post=196"}],"version-history":[{"count":2,"href":"https:\/\/moulindesalles.fr\/index.php?rest_route=\/wp\/v2\/pages\/196\/revisions"}],"predecessor-version":[{"id":3926,"href":"https:\/\/moulindesalles.fr\/index.php?rest_route=\/wp\/v2\/pages\/196\/revisions\/3926"}],"wp:featuredmedia":[{"embeddable":true,"href":"https:\/\/moulindesalles.fr\/index.php?rest_route=\/wp\/v2\/media\/159"}],"wp:attachment":[{"href":"https:\/\/moulindesalles.fr\/index.php?rest_route=%2Fwp%2Fv2%2Fmedia&parent=196"}],"curies":[{"name":"wp","href":"https:\/\/api.w.org\/{rel}","templated":true}]}}